{"id":28,"date":"2023-06-17T18:30:54","date_gmt":"2023-06-17T16:30:54","guid":{"rendered":"https:\/\/nicolasgacecoachmental.fr\/?page_id=28"},"modified":"2023-10-31T16:22:41","modified_gmt":"2023-10-31T15:22:41","slug":"qui-suis-je","status":"publish","type":"page","link":"https:\/\/nicolasgace-psychologue.fr\/index.php\/qui-suis-je\/","title":{"rendered":"Qui suis-je ?"},"content":{"rendered":"\n<div class=\"wp-block-group has-background is-layout-constrained wp-container-core-group-is-layout-3891ec23 wp-block-group-is-layout-constrained\" style=\"background-color:#9163f4;padding-top:0rem;padding-right:0;padding-bottom:0rem;padding-left:0\">\n<div class=\"wp-block-columns alignfull are-vertically-aligned-center has-secondary-background-color has-background is-layout-flex wp-container-core-columns-is-layout-bab9240f wp-block-columns-is-layout-flex\" style=\"padding-top:0\">\n<div class=\"wp-block-column is-vertically-aligned-center is-layout-flow wp-block-column-is-layout-flow\" style=\"flex-basis:58.6%\">\n<div style=\"height:10px\" aria-hidden=\"true\" class=\"wp-block-spacer\"><\/div>\n\n\n\n<div class=\"wp-block-columns is-layout-flex wp-container-core-columns-is-layout-28f84493 wp-block-columns-is-layout-flex\">\n<div class=\"wp-block-column is-layout-flow wp-block-column-is-layout-flow\" style=\"flex-basis:100%\">\n<figure class=\"wp-block-image aligncenter size-full\"><img fetchpriority=\"high\" decoding=\"async\" width=\"500\" height=\"500\" src=\"https:\/\/nicolasgace-psychologue.fr\/wp-content\/uploads\/2023\/09\/1.4-3.png\" alt=\"\" class=\"wp-image-2199\" srcset=\"https:\/\/nicolasgace-psychologue.fr\/wp-content\/uploads\/2023\/09\/1.4-3.png 500w, https:\/\/nicolasgace-psychologue.fr\/wp-content\/uploads\/2023\/09\/1.4-3-300x300.png 300w, https:\/\/nicolasgace-psychologue.fr\/wp-content\/uploads\/2023\/09\/1.4-3-150x150.png 150w, https:\/\/nicolasgace-psychologue.fr\/wp-content\/uploads\/2023\/09\/1.4-3-100x100.png 100w\" sizes=\"(max-width: 500px) 100vw, 500px\" \/><\/figure>\n<\/div>\n<\/div>\n<\/div>\n\n\n\n<div class=\"wp-block-column is-vertically-aligned-center is-layout-flow wp-container-core-column-is-layout-44343e7e wp-block-column-is-layout-flow\" style=\"padding-top:var(--wp--preset--spacing--50);padding-right:var(--wp--preset--spacing--70);padding-bottom:var(--wp--preset--spacing--50);padding-left:var(--wp--preset--spacing--70);flex-basis:50%\">\n<p class=\"has-league-spartan-font-family\" style=\"font-size:37px\"><strong>Nicolas Gace<\/strong><\/p>\n\n\n\n<p class=\"has-league-spartan-font-family has-medium-font-size\"><strong>Psychologue \u2013 Coach\/Pr\u00e9parateur mental<\/strong><\/p>\n\n\n\n<p class=\"has-text-align-justify has-background-alt-color has-text-color has-league-spartan-font-family has-medium-font-size\" style=\"line-height:2\">Dipl\u00f4m\u00e9 en psychologie depuis maintenant 2 ans, j\u2019accompagne les personnes ainsi que les entreprises dans l\u2019optimisation et la performance humaine, \u00e0 travers les capacit\u00e9s mentales des individus.<br><br>J\u2019utilise diff\u00e9rents outils propres \u00e0 la psychologie afin de d\u00e9terminer vos besoins et objectifs, dans l\u2019optique de d\u00e9cupler vos r\u00e9sultats et performances.<br><br>L\u2019accompagnement se veut personnalis\u00e9 et modulable, le travail se fait en coop\u00e9ration avec vous.<\/p>\n\n\n\n<div style=\"height:10px\" aria-hidden=\"true\" class=\"wp-block-spacer\"><\/div>\n<\/div>\n<\/div>\n\n\n\n<div class=\"wp-block-columns alignfull are-vertically-aligned-center has-tertiary-light-background-color has-background is-layout-flex wp-container-core-columns-is-layout-a680a1b6 wp-block-columns-is-layout-flex\">\n<div class=\"wp-block-column is-vertically-aligned-center is-layout-flow wp-container-core-column-is-layout-136e6e8d wp-block-column-is-layout-flow\" style=\"padding-top:var(--wp--preset--spacing--50);padding-right:var(--wp--preset--spacing--70);padding-bottom:var(--wp--preset--spacing--50);padding-left:var(--wp--preset--spacing--70);flex-basis:50%\">\n<p class=\"has-text-align-justify has-background-alt-color has-text-color has-league-spartan-font-family has-medium-font-size\" style=\"line-height:2\">Sportif depuis le plus jeune \u00e2ge, j\u2019ai \u00e0 mon actif une quinzaine d\u2019ann\u00e9es de football (niveau r\u00e9gional). Aujourd\u2019hui je suis un pratiquant multisport en loisirs (musculation, course \u00e0 pied, football, basket, tennis\u2026). Le sport est pour moi un moyen de me d\u00e9passer, m&rsquo;\u00e9vader et de repousser mes limites physiques et mentales.<br>Je suis \u00e9galement un gand passionn\u00e9 de jeux vid\u00e9o. J&rsquo;y retrouve les m\u00eames sensations de d\u00e9passement et d&rsquo;apprentissage que dans le sport. Peu importe le jeu auquel je joue mon objectif et de toujours \u00eatre parmi les meilleurs. <\/p>\n\n\n\n<div style=\"height:10px\" aria-hidden=\"true\" class=\"wp-block-spacer\"><\/div>\n<\/div>\n\n\n\n<div class=\"wp-block-column is-vertically-aligned-center is-layout-flow wp-block-column-is-layout-flow\" style=\"flex-basis:58.6%\">\n<figure class=\"wp-block-image aligncenter size-full has-custom-border is-style-default\"><img decoding=\"async\" width=\"509\" height=\"680\" src=\"https:\/\/nicolasgace-psychologue.fr\/wp-content\/uploads\/2023\/09\/S4s8SYlw.jpg\" alt=\"\" class=\"wp-image-2128\" style=\"border-radius:0px\" srcset=\"https:\/\/nicolasgace-psychologue.fr\/wp-content\/uploads\/2023\/09\/S4s8SYlw.jpg 509w, https:\/\/nicolasgace-psychologue.fr\/wp-content\/uploads\/2023\/09\/S4s8SYlw-225x300.jpg 225w\" sizes=\"(max-width: 509px) 100vw, 509px\" \/><\/figure>\n<\/div>\n<\/div>\n\n\n\n<div class=\"wp-block-columns are-vertically-aligned-center has-tertiary-light-background-color has-background is-layout-flex wp-container-core-columns-is-layout-a680a1b6 wp-block-columns-is-layout-flex\">\n<div class=\"wp-block-column is-layout-flow wp-block-column-is-layout-flow\">\n<div style=\"height:50px\" aria-hidden=\"true\" class=\"wp-block-spacer\"><\/div>\n\n\n\n<p class=\"has-text-align-center has-foreground-alt-color has-text-color has-league-spartan-font-family has-medium-font-size\" style=\"line-height:2\">Psychologue de formation, je suis titulaire d&rsquo;un master en psychologie du travail. En veille permanente sur les sujets inh\u00e9rents \u00e0 mon domaine,<br>je m&rsquo;auto-forme r\u00e9guli\u00e8rement sur des sujets tels que la psychologie du sport, la PNL, l&rsquo;hypnose th\u00e9rapeutique&#8230;.)<br>Gr\u00e2ce \u00e0 ma formation en psychologie et mon entourage sportif, j&rsquo;ai acquis une exp\u00e9rience et des informations capitales sur les performances mentales des individus.<\/p>\n\n\n\n<div style=\"height:50px\" aria-hidden=\"true\" class=\"wp-block-spacer\"><\/div>\n\n\n\n<p class=\"has-text-align-center has-foreground-alt-color has-text-color has-league-spartan-font-family has-small-font-size\"><em>En qualit\u00e9 de psychologue, je suis tenue de respecter le code de d\u00e9ontologie des psychologue<\/em>s.<\/p>\n<\/div>\n<\/div>\n<\/div>\n\n\n\n<p><\/p>\n","protected":false},"excerpt":{"rendered":"<p>Nicolas Gace Psychologue \u2013 Coach\/Pr\u00e9parateur mental Dipl\u00f4m\u00e9 en psychologie depuis maintenant 2 ans, j\u2019accompagne les personnes ainsi que les entreprises dans l\u2019optimisation et la performance humaine, \u00e0 travers les&#8230;<\/p>\n","protected":false},"author":1,"featured_media":0,"parent":0,"menu_order":0,"comment_status":"closed","ping_status":"closed","template":"","meta":{"footnotes":""},"class_list":["post-28","page","type-page","status-publish","hentry"],"yoast_head":"<!-- This site is optimized with the Yoast SEO plugin v21.3 - https:\/\/yoast.com\/wordpress\/plugins\/seo\/ -->\n<title>Qui suis-je ?<\/title>\n<meta name=\"description\" content=\"Dipl\u00f4m\u00e9 en psychologie, j\u2019accompagne les individus ainsi que les entreprises dans l\u2019optimisation et la performance humaine, \u00e0 travers leurs capacit\u00e9s mentales\" \/>\n<meta name=\"robots\" content=\"index, follow, max-snippet:-1, max-image-preview:large, max-video-preview:-1\" \/>\n<link rel=\"canonical\" href=\"https:\/\/nicolasgace-psychologue.fr\/index.php\/qui-suis-je\/\" \/>\n<meta property=\"og:locale\" content=\"fr_FR\" \/>\n<meta property=\"og:type\" content=\"article\" \/>\n<meta property=\"og:title\" content=\"Qui suis-je ?\" \/>\n<meta property=\"og:description\" content=\"Dipl\u00f4m\u00e9 en psychologie, j\u2019accompagne les individus ainsi que les entreprises dans l\u2019optimisation et la performance humaine, \u00e0 travers leurs capacit\u00e9s mentales\" \/>\n<meta property=\"og:url\" content=\"https:\/\/nicolasgace-psychologue.fr\/index.php\/qui-suis-je\/\" \/>\n<meta property=\"og:site_name\" content=\"Psychologue Poitiers - Nicolas Gace\" \/>\n<meta property=\"article:modified_time\" content=\"2023-10-31T15:22:41+00:00\" \/>\n<meta property=\"og:image\" content=\"https:\/\/nicolasgace-psychologue.fr\/wp-content\/uploads\/2023\/09\/1.4-3.png\" \/>\n<meta name=\"twitter:card\" content=\"summary_large_image\" \/>\n<meta name=\"twitter:label1\" content=\"Dur\u00e9e de lecture estim\u00e9e\" \/>\n\t<meta name=\"twitter:data1\" content=\"2 minutes\" \/>\n<script type=\"application\/ld+json\" class=\"yoast-schema-graph\">{\"@context\":\"https:\/\/schema.org\",\"@graph\":[{\"@type\":\"WebPage\",\"@id\":\"https:\/\/nicolasgace-psychologue.fr\/index.php\/qui-suis-je\/\",\"url\":\"https:\/\/nicolasgace-psychologue.fr\/index.php\/qui-suis-je\/\",\"name\":\"Qui suis-je ?\",\"isPartOf\":{\"@id\":\"https:\/\/nicolasgace-psychologue.fr\/#website\"},\"datePublished\":\"2023-06-17T16:30:54+00:00\",\"dateModified\":\"2023-10-31T15:22:41+00:00\",\"description\":\"Dipl\u00f4m\u00e9 en psychologie, j\u2019accompagne les individus ainsi que les entreprises dans l\u2019optimisation et la performance humaine, \u00e0 travers leurs capacit\u00e9s mentales\",\"breadcrumb\":{\"@id\":\"https:\/\/nicolasgace-psychologue.fr\/index.php\/qui-suis-je\/#breadcrumb\"},\"inLanguage\":\"fr-FR\",\"potentialAction\":[{\"@type\":\"ReadAction\",\"target\":[\"https:\/\/nicolasgace-psychologue.fr\/index.php\/qui-suis-je\/\"]}]},{\"@type\":\"BreadcrumbList\",\"@id\":\"https:\/\/nicolasgace-psychologue.fr\/index.php\/qui-suis-je\/#breadcrumb\",\"itemListElement\":[{\"@type\":\"ListItem\",\"position\":1,\"name\":\"Accueil\",\"item\":\"https:\/\/nicolasgace-psychologue.fr\/\"},{\"@type\":\"ListItem\",\"position\":2,\"name\":\"Qui suis-je ?\"}]},{\"@type\":\"WebSite\",\"@id\":\"https:\/\/nicolasgace-psychologue.fr\/#website\",\"url\":\"https:\/\/nicolasgace-psychologue.fr\/\",\"name\":\"Psychologue Poitiers - Nicolas Gace\",\"description\":\"\",\"potentialAction\":[{\"@type\":\"SearchAction\",\"target\":{\"@type\":\"EntryPoint\",\"urlTemplate\":\"https:\/\/nicolasgace-psychologue.fr\/?s={search_term_string}\"},\"query-input\":\"required name=search_term_string\"}],\"inLanguage\":\"fr-FR\"}]}<\/script>\n<!-- \/ Yoast SEO plugin. -->","yoast_head_json":{"title":"Qui suis-je ?","description":"Dipl\u00f4m\u00e9 en psychologie, j\u2019accompagne les individus ainsi que les entreprises dans l\u2019optimisation et la performance humaine, \u00e0 travers leurs capacit\u00e9s mentales","robots":{"index":"index","follow":"follow","max-snippet":"max-snippet:-1","max-image-preview":"max-image-preview:large","max-video-preview":"max-video-preview:-1"},"canonical":"https:\/\/nicolasgace-psychologue.fr\/index.php\/qui-suis-je\/","og_locale":"fr_FR","og_type":"article","og_title":"Qui suis-je ?","og_description":"Dipl\u00f4m\u00e9 en psychologie, j\u2019accompagne les individus ainsi que les entreprises dans l\u2019optimisation et la performance humaine, \u00e0 travers leurs capacit\u00e9s mentales","og_url":"https:\/\/nicolasgace-psychologue.fr\/index.php\/qui-suis-je\/","og_site_name":"Psychologue Poitiers - Nicolas Gace","article_modified_time":"2023-10-31T15:22:41+00:00","og_image":[{"url":"https:\/\/nicolasgace-psychologue.fr\/wp-content\/uploads\/2023\/09\/1.4-3.png"}],"twitter_card":"summary_large_image","twitter_misc":{"Dur\u00e9e de lecture estim\u00e9e":"2 minutes"},"schema":{"@context":"https:\/\/schema.org","@graph":[{"@type":"WebPage","@id":"https:\/\/nicolasgace-psychologue.fr\/index.php\/qui-suis-je\/","url":"https:\/\/nicolasgace-psychologue.fr\/index.php\/qui-suis-je\/","name":"Qui suis-je ?","isPartOf":{"@id":"https:\/\/nicolasgace-psychologue.fr\/#website"},"datePublished":"2023-06-17T16:30:54+00:00","dateModified":"2023-10-31T15:22:41+00:00","description":"Dipl\u00f4m\u00e9 en psychologie, j\u2019accompagne les individus ainsi que les entreprises dans l\u2019optimisation et la performance humaine, \u00e0 travers leurs capacit\u00e9s mentales","breadcrumb":{"@id":"https:\/\/nicolasgace-psychologue.fr\/index.php\/qui-suis-je\/#breadcrumb"},"inLanguage":"fr-FR","potentialAction":[{"@type":"ReadAction","target":["https:\/\/nicolasgace-psychologue.fr\/index.php\/qui-suis-je\/"]}]},{"@type":"BreadcrumbList","@id":"https:\/\/nicolasgace-psychologue.fr\/index.php\/qui-suis-je\/#breadcrumb","itemListElement":[{"@type":"ListItem","position":1,"name":"Accueil","item":"https:\/\/nicolasgace-psychologue.fr\/"},{"@type":"ListItem","position":2,"name":"Qui suis-je ?"}]},{"@type":"WebSite","@id":"https:\/\/nicolasgace-psychologue.fr\/#website","url":"https:\/\/nicolasgace-psychologue.fr\/","name":"Psychologue Poitiers - Nicolas Gace","description":"","potentialAction":[{"@type":"SearchAction","target":{"@type":"EntryPoint","urlTemplate":"https:\/\/nicolasgace-psychologue.fr\/?s={search_term_string}"},"query-input":"required name=search_term_string"}],"inLanguage":"fr-FR"}]}},"_links":{"self":[{"href":"https:\/\/nicolasgace-psychologue.fr\/index.php\/wp-json\/wp\/v2\/pages\/28","targetHints":{"allow":["GET"]}}],"collection":[{"href":"https:\/\/nicolasgace-psychologue.fr\/index.php\/wp-json\/wp\/v2\/pages"}],"about":[{"href":"https:\/\/nicolasgace-psychologue.fr\/index.php\/wp-json\/wp\/v2\/types\/page"}],"author":[{"embeddable":true,"href":"https:\/\/nicolasgace-psychologue.fr\/index.php\/wp-json\/wp\/v2\/users\/1"}],"replies":[{"embeddable":true,"href":"https:\/\/nicolasgace-psychologue.fr\/index.php\/wp-json\/wp\/v2\/comments?post=28"}],"version-history":[{"count":28,"href":"https:\/\/nicolasgace-psychologue.fr\/index.php\/wp-json\/wp\/v2\/pages\/28\/revisions"}],"predecessor-version":[{"id":2519,"href":"https:\/\/nicolasgace-psychologue.fr\/index.php\/wp-json\/wp\/v2\/pages\/28\/revisions\/2519"}],"wp:attachment":[{"href":"https:\/\/nicolasgace-psychologue.fr\/index.php\/wp-json\/wp\/v2\/media?parent=28"}],"curies":[{"name":"wp","href":"https:\/\/api.w.org\/{rel}","templated":true}]}}