{"id":2570,"date":"2024-01-08T15:51:25","date_gmt":"2024-01-08T14:51:25","guid":{"rendered":"https:\/\/ngpreparateurmental.fr\/?page_id=2570"},"modified":"2024-03-08T18:51:21","modified_gmt":"2024-03-08T17:51:21","slug":"tarifs","status":"publish","type":"page","link":"https:\/\/nicolasgace-psychologue.fr\/index.php\/tarifs\/","title":{"rendered":"Tarifs"},"content":{"rendered":"\n<div class=\"wp-block-group alignfull has-league-spartan-font-family is-layout-constrained wp-container-core-group-is-layout-c46ebb8f wp-block-group-is-layout-constrained\" style=\"padding-top:var(--wp--preset--spacing--70);padding-right:var(--wp--preset--spacing--50);padding-bottom:var(--wp--preset--spacing--70);padding-left:var(--wp--preset--spacing--50)\">\n<div class=\"wp-block-group is-layout-constrained wp-container-core-group-is-layout-0d137a95 wp-block-group-is-layout-constrained\" style=\"padding-top:5.83rem;padding-right:var(--wp--preset--spacing--40);padding-bottom:8rem;padding-left:var(--wp--preset--spacing--40)\">\n<h1 class=\"wp-block-heading has-text-align-center\" style=\"font-size:46px;font-style:normal;font-weight:600\">Tarifs et modalit\u00e9s pratiques<\/h1>\n\n\n\n<div class=\"wp-block-columns is-layout-flex wp-container-core-columns-is-layout-6520a7b9 wp-block-columns-is-layout-flex\" style=\"margin-top:var(--wp--preset--spacing--70)\">\n<div class=\"wp-block-column is-layout-flow wp-block-column-is-layout-flow\">\n<div class=\"wp-block-group has-border-color has-black-color has-text-color has-link-color wp-elements-849748baa50c4638b2f4a99ba16208bf is-layout-constrained wp-container-core-group-is-layout-669aa78b wp-block-group-is-layout-constrained\" style=\"border-color:#142257;border-width:3px;border-radius:20px;padding-top:var(--wp--preset--spacing--50);padding-right:var(--wp--preset--spacing--50);padding-bottom:var(--wp--preset--spacing--60);padding-left:var(--wp--preset--spacing--50)\">\n<h3 class=\"wp-block-heading has-text-align-center has-large-font-size\" style=\"font-style:normal;font-weight:500\">Consultation individuelle<\/h3>\n\n\n\n<div class=\"wp-block-group is-vertical is-content-justification-center is-layout-flex wp-container-core-group-is-layout-83e4c6d2 wp-block-group-is-layout-flex\" style=\"border-bottom-color:#ededed;border-bottom-width:1px;margin-top:var(--wp--preset--spacing--30);padding-bottom:var(--wp--preset--spacing--50)\">\n<h1 class=\"wp-block-heading has-text-align-center has-xxx-large-font-size\" style=\"font-style:normal;font-weight:600\">50\u20ac<\/h1>\n\n\n\n<h5 class=\"wp-block-heading has-light-gray-color has-text-color has-normal-font-size\">(adulte)<\/h5>\n<\/div>\n\n\n\n<div class=\"wp-block-group is-vertical is-content-justification-center is-layout-flex wp-container-core-group-is-layout-c9ee0c5a wp-block-group-is-layout-flex\">\n<h4 class=\"wp-block-heading has-text-align-center has-black-color has-text-color has-link-color has-league-spartan-font-family has-medium-font-size wp-elements-5bc9c3ccf822591a8e4ec6e12668dbcd\" style=\"line-height:1.8\">S\u00e9ance de 45 minutes<\/h4>\n\n\n\n<h4 class=\"wp-block-heading has-text-align-center has-black-color has-text-color has-link-color has-league-spartan-font-family has-medium-font-size wp-elements-603756f04f26694ef36597ecd2704a77\" style=\"line-height:1.8\">Pr\u00e9sentiel \/ distanciel<\/h4>\n\n\n\n<h4 class=\"wp-block-heading has-text-align-center has-black-color has-text-color has-link-color has-league-spartan-font-family has-medium-font-size wp-elements-c2f517086eaa02d2099ce05404651d91\" style=\"line-height:1.8\">Suivi par e-mail \/ whatapps pendant toute la dur\u00e9e de l&rsquo;accompagnement <\/h4>\n\n\n\n<h4 class=\"wp-block-heading has-text-align-center has-black-color has-text-color has-link-color has-league-spartan-font-family has-medium-font-size wp-elements-4fa5342354c6dd71038ec125cf120347\" style=\"line-height:1.8\">Accompagnement lors d\u2019une comp\u00e9tition, repr\u00e9sentation ou tout autres \u00e9v\u00e9nements en lien avec votre suivi<sup>(1)<\/sup><\/h4>\n<\/div>\n\n\n\n<div class=\"wp-block-group is-vertical is-content-justification-center is-layout-flex wp-container-core-group-is-layout-dc59dc0e wp-block-group-is-layout-flex\" style=\"border-top-color:#ededed;border-top-width:1px;padding-top:var(--wp--preset--spacing--60)\">\n<div class=\"wp-block-buttons is-content-justification-center is-layout-flex wp-container-core-buttons-is-layout-a89b3969 wp-block-buttons-is-layout-flex\">\n<div class=\"wp-block-button has-custom-width wp-block-button__width-100\"><a class=\"wp-block-button__link has-background-color has-text-color has-link-color wp-element-button\" href=\"https:\/\/nicolasgace-psychologue.fr\/index.php\/contact\/\" style=\"padding-top:var(--wp--preset--spacing--40);padding-right:var(--wp--preset--spacing--70);padding-bottom:var(--wp--preset--spacing--40);padding-left:var(--wp--preset--spacing--70)\">Contact<\/a><\/div>\n<\/div>\n<\/div>\n<\/div>\n<\/div>\n\n\n\n<div class=\"wp-block-column is-layout-flow wp-block-column-is-layout-flow\">\n<div class=\"wp-block-group has-border-color is-layout-constrained wp-container-core-group-is-layout-669aa78b wp-block-group-is-layout-constrained\" style=\"border-color:#142257;border-width:3px;border-radius:20px;padding-top:var(--wp--preset--spacing--50);padding-right:var(--wp--preset--spacing--50);padding-bottom:var(--wp--preset--spacing--60);padding-left:var(--wp--preset--spacing--50)\">\n<h3 class=\"wp-block-heading has-text-align-center has-large-font-size\" style=\"font-style:normal;font-weight:500\">Consultation \u00ab\u00a0Walk &amp; Talk\u00a0\u00bb<\/h3>\n\n\n\n<div class=\"wp-block-group is-vertical is-content-justification-center is-layout-flex wp-container-core-group-is-layout-83e4c6d2 wp-block-group-is-layout-flex\" style=\"border-bottom-color:#ededed;border-bottom-width:1px;margin-top:var(--wp--preset--spacing--30);padding-bottom:var(--wp--preset--spacing--50)\">\n<h1 class=\"wp-block-heading has-text-align-center has-xxx-large-font-size\" style=\"font-style:normal;font-weight:600\">60\u20ac<\/h1>\n\n\n\n<h5 class=\"wp-block-heading has-light-gray-color has-text-color has-normal-font-size\">(adulte)<\/h5>\n<\/div>\n\n\n\n<div class=\"wp-block-group is-vertical is-content-justification-center is-layout-flex wp-container-core-group-is-layout-c9ee0c5a wp-block-group-is-layout-flex\">\n<h4 class=\"wp-block-heading has-text-align-center has-league-spartan-font-family has-medium-font-size\" style=\"line-height:1.9\">S\u00e9ance de 45 minutes \u00e0 1h<\/h4>\n\n\n\n<h4 class=\"wp-block-heading has-text-align-center has-league-spartan-font-family has-medium-font-size\" style=\"line-height:1.9\">Suivi par e-mail \/ whatapps pendant toute la dur\u00e9e de l&rsquo;accompagnement<\/h4>\n\n\n\n<h4 class=\"wp-block-heading has-text-align-center has-league-spartan-font-family has-medium-font-size\" style=\"line-height:1.9\">Accompagnement lors d\u2019une comp\u00e9tition, repr\u00e9sentation ou tout autres \u00e9v\u00e9nements en lien avec votre suivi<sup>(1)<\/sup><\/h4>\n<\/div>\n\n\n\n<div class=\"wp-block-group is-vertical is-content-justification-center is-layout-flex wp-container-core-group-is-layout-dc59dc0e wp-block-group-is-layout-flex\" style=\"border-top-color:#ededed;border-top-width:1px;padding-top:var(--wp--preset--spacing--60)\">\n<div class=\"wp-block-buttons is-content-justification-center is-layout-flex wp-container-core-buttons-is-layout-a89b3969 wp-block-buttons-is-layout-flex\">\n<div class=\"wp-block-button has-custom-width wp-block-button__width-100\"><a class=\"wp-block-button__link wp-element-button\" href=\"https:\/\/nicolasgace-psychologue.fr\/index.php\/contact\/\" style=\"padding-top:var(--wp--preset--spacing--40);padding-right:var(--wp--preset--spacing--70);padding-bottom:var(--wp--preset--spacing--40);padding-left:var(--wp--preset--spacing--70)\">Contact<\/a><\/div>\n<\/div>\n<\/div>\n<\/div>\n<\/div>\n\n\n\n<div class=\"wp-block-column is-layout-flow wp-block-column-is-layout-flow\" style=\"border-style:none;border-width:0px\">\n<div class=\"wp-block-group has-border-color is-layout-constrained wp-container-core-group-is-layout-669aa78b wp-block-group-is-layout-constrained\" style=\"border-color:#142257;border-width:3px;border-radius:20px;padding-top:var(--wp--preset--spacing--50);padding-right:var(--wp--preset--spacing--50);padding-bottom:var(--wp--preset--spacing--60);padding-left:var(--wp--preset--spacing--50)\">\n<h3 class=\"wp-block-heading has-text-align-center has-large-font-size\" style=\"font-style:normal;font-weight:500\">Entreprises<\/h3>\n\n\n\n<div class=\"wp-block-group is-vertical is-content-justification-center is-layout-flex wp-container-core-group-is-layout-b38e4933 wp-block-group-is-layout-flex\" style=\"border-bottom-color:#ededed;border-bottom-width:1px;margin-top:var(--wp--preset--spacing--30);padding-bottom:var(--wp--preset--spacing--40)\">\n<h1 class=\"wp-block-heading has-text-align-center has-xxx-large-font-size\" style=\"font-style:normal;font-weight:600;line-height:1.8\">sur devis<\/h1>\n<\/div>\n\n\n\n<div class=\"wp-block-group is-vertical is-content-justification-center is-layout-flex wp-container-core-group-is-layout-c9ee0c5a wp-block-group-is-layout-flex\">\n<h4 class=\"wp-block-heading has-text-align-center has-league-spartan-font-family\" style=\"font-size:21px;letter-spacing:-1px;line-height:3\">Conf\u00e9rence<\/h4>\n\n\n\n<h4 class=\"wp-block-heading has-text-align-center has-league-spartan-font-family\" style=\"font-size:21px;letter-spacing:-1px;line-height:3\">Travail en petit groupe<\/h4>\n\n\n\n<h4 class=\"wp-block-heading has-text-align-center has-league-spartan-font-family\" style=\"font-size:21px;letter-spacing:-1px;line-height:3\">Consultation individuelle<\/h4>\n\n\n\n<h4 class=\"wp-block-heading has-text-align-center has-league-spartan-font-family\" style=\"font-size:21px;letter-spacing:-1px;line-height:3\">S\u00e9minaire<\/h4>\n\n\n\n<h4 class=\"wp-block-heading has-text-align-center has-league-spartan-font-family\" style=\"font-size:21px;letter-spacing:-1px;line-height:3\">Journ\u00e9e d&rsquo;int\u00e9gration<\/h4>\n<\/div>\n\n\n\n<div class=\"wp-block-group is-vertical is-content-justification-center is-layout-flex wp-container-core-group-is-layout-dc59dc0e wp-block-group-is-layout-flex\" style=\"border-top-color:#ededed;border-top-width:1px;padding-top:var(--wp--preset--spacing--60)\">\n<div class=\"wp-block-buttons is-content-justification-center is-layout-flex wp-container-core-buttons-is-layout-a89b3969 wp-block-buttons-is-layout-flex\">\n<div class=\"wp-block-button has-custom-width wp-block-button__width-100\"><a class=\"wp-block-button__link wp-element-button\" href=\"https:\/\/nicolasgace-psychologue.fr\/index.php\/contact\/\" style=\"padding-top:var(--wp--preset--spacing--40);padding-right:var(--wp--preset--spacing--70);padding-bottom:var(--wp--preset--spacing--40);padding-left:var(--wp--preset--spacing--70)\">Contact<\/a><\/div>\n<\/div>\n<\/div>\n<\/div>\n<\/div>\n<\/div>\n\n\n\n<p class=\"has-text-align-center has-league-spartan-font-family has-medium-font-size\" style=\"line-height:2\"><em><sup>(1)<\/sup>Des frais suppl\u00e9mentaires pourront \u00eatre appliqu\u00e9 en cas de long d\u00e9placement<\/em><\/p>\n\n\n\n<p class=\"has-text-align-center has-league-spartan-font-family has-medium-font-size\"><em>R\u00e8glement uniquement par ch\u00e8que et esp\u00e8ce pour les s\u00e9ance en pr\u00e9sentiel et CB pour les consultations en distanciel<\/em><\/p>\n<\/div>\n\n\n\n<div class=\"wp-block-group is-layout-constrained wp-container-core-group-is-layout-ec93f0f7 wp-block-group-is-layout-constrained\" style=\"margin-top:0;margin-bottom:0;padding-top:120px;padding-right:var(--wp--preset--spacing--50);padding-bottom:120px;padding-left:var(--wp--preset--spacing--50)\">\n<div class=\"wp-block-columns are-vertically-aligned-center is-layout-flex wp-container-core-columns-is-layout-83dac994 wp-block-columns-is-layout-flex\" style=\"padding-top:0;padding-bottom:0\">\n<div class=\"wp-block-column is-vertically-aligned-center is-layout-flow wp-block-column-is-layout-flow\">\n<figure class=\"wp-block-image size-full is-resized wp-duotone-unset-1\"><img decoding=\"async\" src=\"https:\/\/nicolasgace-psychologue.fr\/wp-content\/themes\/fotawp\/assets\/images\/man_with_laptop.svg\" alt=\"\" class=\"wp-image-171\" style=\"width:544px;height:auto\"\/><\/figure>\n<\/div>\n\n\n\n<div class=\"wp-block-column is-vertically-aligned-center is-layout-flow wp-block-column-is-layout-flow\" style=\"flex-basis:55%\">\n<h1 class=\"wp-block-heading has-heading-color-color has-text-color has-league-spartan-font-family has-xxx-large-font-size\" style=\"margin-bottom:var(--wp--preset--spacing--70);font-style:normal;font-weight:600;line-height:1\">Prendre rendez-vous<\/h1>\n\n\n\n<div class=\"wp-block-group fhs-services-actions is-layout-constrained wp-block-group-is-layout-constrained\">\n<div class=\"wp-block-columns are-vertically-aligned-center is-layout-flex wp-container-core-columns-is-layout-28f84493 wp-block-columns-is-layout-flex\">\n<div class=\"wp-block-column is-vertically-aligned-center is-layout-flow wp-block-column-is-layout-flow\" style=\"flex-basis:80px\">\n<h2 class=\"wp-block-heading has-text-color\" style=\"color:#dcdee3;font-size:48px;font-style:normal;font-weight:700\">1<\/h2>\n<\/div>\n\n\n\n<div class=\"wp-block-column is-vertically-aligned-center is-layout-flow wp-block-column-is-layout-flow\">\n<div class=\"wp-block-group fhs-action-box has-border-color has-background-alt-border-color is-layout-constrained wp-container-core-group-is-layout-95339512 wp-block-group-is-layout-constrained\" style=\"border-width:1px;border-radius:10px;padding-top:24px;padding-right:24px;padding-bottom:24px;padding-left:24px\">\n<div class=\"wp-block-columns is-layout-flex wp-container-core-columns-is-layout-28f84493 wp-block-columns-is-layout-flex\">\n<div class=\"wp-block-column is-layout-flow wp-block-column-is-layout-flow\" style=\"flex-basis:30%\">\n<h4 class=\"wp-block-heading has-accent-color has-text-color has-league-spartan-font-family has-large-font-size\" style=\"font-style:normal;font-weight:600\">Contact<\/h4>\n<\/div>\n\n\n\n<div class=\"wp-block-column is-layout-flow wp-block-column-is-layout-flow\" style=\"flex-basis:66.66%\">\n<p class=\"has-league-spartan-font-family has-medium-font-size\">La prise de rendez-vous se fait par e-mail ou via le formulaire de contact<\/p>\n<\/div>\n<\/div>\n<\/div>\n<\/div>\n<\/div>\n<\/div>\n\n\n\n<div class=\"wp-block-group fhs-services-actions is-layout-constrained wp-block-group-is-layout-constrained\">\n<div class=\"wp-block-columns are-vertically-aligned-center is-layout-flex wp-container-core-columns-is-layout-28f84493 wp-block-columns-is-layout-flex\">\n<div class=\"wp-block-column is-vertically-aligned-center is-layout-flow wp-block-column-is-layout-flow\" style=\"flex-basis:80px\">\n<h2 class=\"wp-block-heading has-text-color\" style=\"color:#dcdee3;font-size:48px;font-style:normal;font-weight:700\">2<\/h2>\n<\/div>\n\n\n\n<div class=\"wp-block-column is-vertically-aligned-center is-layout-flow wp-block-column-is-layout-flow\">\n<div class=\"wp-block-group fhs-action-box has-border-color has-background-alt-border-color is-layout-constrained wp-container-core-group-is-layout-95339512 wp-block-group-is-layout-constrained\" style=\"border-width:1px;border-radius:10px;padding-top:24px;padding-right:24px;padding-bottom:24px;padding-left:24px\">\n<div class=\"wp-block-columns is-layout-flex wp-container-core-columns-is-layout-28f84493 wp-block-columns-is-layout-flex\">\n<div class=\"wp-block-column is-layout-flow wp-block-column-is-layout-flow\" style=\"flex-basis:30%\">\n<h4 class=\"wp-block-heading has-accent-color has-text-color has-league-spartan-font-family has-large-font-size\" style=\"font-style:normal;font-weight:600\">Entretien t\u00e9l\u00e9phonique<\/h4>\n<\/div>\n\n\n\n<div class=\"wp-block-column is-layout-flow wp-block-column-is-layout-flow\" style=\"flex-basis:66.66%\">\n<p class=\"has-league-spartan-font-family has-medium-font-size\">Un pr\u00e9-entretien t\u00e9l\u00e9phonique <strong>GRATUIT<\/strong> sera planifi\u00e9 au pr\u00e9alable pour \u00e9voquer  les questions autour de l&rsquo;accompagnement.<\/p>\n<\/div>\n<\/div>\n<\/div>\n<\/div>\n<\/div>\n<\/div>\n\n\n\n<div class=\"wp-block-group fhs-services-actions is-layout-constrained wp-block-group-is-layout-constrained\">\n<div class=\"wp-block-columns are-vertically-aligned-center is-layout-flex wp-container-core-columns-is-layout-28f84493 wp-block-columns-is-layout-flex\">\n<div class=\"wp-block-column is-vertically-aligned-center is-layout-flow wp-block-column-is-layout-flow\" style=\"flex-basis:80px\">\n<h2 class=\"wp-block-heading has-text-color\" style=\"color:#dcdee3;font-size:48px;font-style:normal;font-weight:700\">3<\/h2>\n<\/div>\n\n\n\n<div class=\"wp-block-column is-vertically-aligned-center is-layout-flow wp-block-column-is-layout-flow\">\n<div class=\"wp-block-group fhs-action-box has-border-color has-background-alt-border-color is-layout-constrained wp-container-core-group-is-layout-95339512 wp-block-group-is-layout-constrained\" style=\"border-width:1px;border-radius:10px;padding-top:24px;padding-right:24px;padding-bottom:24px;padding-left:24px\">\n<div class=\"wp-block-columns is-layout-flex wp-container-core-columns-is-layout-28f84493 wp-block-columns-is-layout-flex\">\n<div class=\"wp-block-column is-layout-flow wp-block-column-is-layout-flow\" style=\"flex-basis:30%\">\n<h4 class=\"wp-block-heading has-accent-color has-text-color has-league-spartan-font-family has-large-font-size\" style=\"font-style:normal;font-weight:600\">Entretien<\/h4>\n<\/div>\n\n\n\n<div class=\"wp-block-column is-layout-flow wp-block-column-is-layout-flow\" style=\"flex-basis:66.66%\">\n<p class=\"has-league-spartan-font-family has-medium-font-size\">L&rsquo;entretien peut avoir lieu en pr\u00e9sentiel ou en distanciel<\/p>\n<\/div>\n<\/div>\n<\/div>\n<\/div>\n<\/div>\n<\/div>\n<\/div>\n<\/div>\n\n\n\n<div style=\"height:50px\" aria-hidden=\"true\" class=\"wp-block-spacer\"><\/div>\n\n\n\n<div class=\"wp-block-buttons is-horizontal is-content-justification-center is-layout-flex wp-container-core-buttons-is-layout-03627597 wp-block-buttons-is-layout-flex\">\n<div class=\"wp-block-button has-custom-width wp-block-button__width-50\"><a class=\"wp-block-button__link has-primary-background-color has-text-color has-background wp-element-button\" href=\"https:\/\/nicolasgace-psychologue.fr\/index.php\/contact\/\" style=\"border-radius:50px;color:#ffffff\">Contact<\/a><\/div>\n<\/div>\n<\/div>\n<\/div>\n","protected":false},"excerpt":{"rendered":"<p>Tarifs et modalit\u00e9s pratiques Consultation individuelle 50\u20ac (adulte) S\u00e9ance de 45 minutes Pr\u00e9sentiel \/ distanciel Suivi par e-mail \/ whatapps pendant toute la dur\u00e9e de l&rsquo;accompagnement Accompagnement lors d\u2019une&#8230;<\/p>\n","protected":false},"author":1,"featured_media":0,"parent":0,"menu_order":0,"comment_status":"closed","ping_status":"closed","template":"","meta":{"footnotes":""},"class_list":["post-2570","page","type-page","status-publish","hentry"],"yoast_head":"<!-- This site is optimized with the Yoast SEO plugin v21.3 - https:\/\/yoast.com\/wordpress\/plugins\/seo\/ -->\n<title>Tarifs - Psychologue Poitiers - Nicolas Gace<\/title>\n<meta name=\"description\" content=\"Retrouvez plusieurs options d&#039;accompagnement adapt\u00e9 \u00e0 vos besoins\" \/>\n<meta name=\"robots\" content=\"index, follow, max-snippet:-1, max-image-preview:large, max-video-preview:-1\" \/>\n<link rel=\"canonical\" href=\"https:\/\/nicolasgace-psychologue.fr\/index.php\/tarifs\/\" \/>\n<meta property=\"og:locale\" content=\"fr_FR\" \/>\n<meta property=\"og:type\" content=\"article\" \/>\n<meta property=\"og:title\" content=\"Tarifs - Psychologue Poitiers - Nicolas Gace\" \/>\n<meta property=\"og:description\" content=\"Retrouvez plusieurs options d&#039;accompagnement adapt\u00e9 \u00e0 vos besoins\" \/>\n<meta property=\"og:url\" content=\"https:\/\/nicolasgace-psychologue.fr\/index.php\/tarifs\/\" \/>\n<meta property=\"og:site_name\" content=\"Psychologue Poitiers - Nicolas Gace\" \/>\n<meta property=\"article:modified_time\" content=\"2024-03-08T17:51:21+00:00\" \/>\n<meta name=\"twitter:card\" content=\"summary_large_image\" \/>\n<meta name=\"twitter:label1\" content=\"Dur\u00e9e de lecture estim\u00e9e\" \/>\n\t<meta name=\"twitter:data1\" content=\"1 minute\" \/>\n<script type=\"application\/ld+json\" class=\"yoast-schema-graph\">{\"@context\":\"https:\/\/schema.org\",\"@graph\":[{\"@type\":\"WebPage\",\"@id\":\"https:\/\/nicolasgace-psychologue.fr\/index.php\/tarifs\/\",\"url\":\"https:\/\/nicolasgace-psychologue.fr\/index.php\/tarifs\/\",\"name\":\"Tarifs - Psychologue Poitiers - Nicolas Gace\",\"isPartOf\":{\"@id\":\"https:\/\/nicolasgace-psychologue.fr\/#website\"},\"datePublished\":\"2024-01-08T14:51:25+00:00\",\"dateModified\":\"2024-03-08T17:51:21+00:00\",\"description\":\"Retrouvez plusieurs options d'accompagnement adapt\u00e9 \u00e0 vos besoins\",\"breadcrumb\":{\"@id\":\"https:\/\/nicolasgace-psychologue.fr\/index.php\/tarifs\/#breadcrumb\"},\"inLanguage\":\"fr-FR\",\"potentialAction\":[{\"@type\":\"ReadAction\",\"target\":[\"https:\/\/nicolasgace-psychologue.fr\/index.php\/tarifs\/\"]}]},{\"@type\":\"BreadcrumbList\",\"@id\":\"https:\/\/nicolasgace-psychologue.fr\/index.php\/tarifs\/#breadcrumb\",\"itemListElement\":[{\"@type\":\"ListItem\",\"position\":1,\"name\":\"Accueil\",\"item\":\"https:\/\/nicolasgace-psychologue.fr\/\"},{\"@type\":\"ListItem\",\"position\":2,\"name\":\"Tarifs\"}]},{\"@type\":\"WebSite\",\"@id\":\"https:\/\/nicolasgace-psychologue.fr\/#website\",\"url\":\"https:\/\/nicolasgace-psychologue.fr\/\",\"name\":\"Psychologue Poitiers - Nicolas Gace\",\"description\":\"\",\"potentialAction\":[{\"@type\":\"SearchAction\",\"target\":{\"@type\":\"EntryPoint\",\"urlTemplate\":\"https:\/\/nicolasgace-psychologue.fr\/?s={search_term_string}\"},\"query-input\":\"required name=search_term_string\"}],\"inLanguage\":\"fr-FR\"}]}<\/script>\n<!-- \/ Yoast SEO plugin. -->","yoast_head_json":{"title":"Tarifs - Psychologue Poitiers - Nicolas Gace","description":"Retrouvez plusieurs options d'accompagnement adapt\u00e9 \u00e0 vos besoins","robots":{"index":"index","follow":"follow","max-snippet":"max-snippet:-1","max-image-preview":"max-image-preview:large","max-video-preview":"max-video-preview:-1"},"canonical":"https:\/\/nicolasgace-psychologue.fr\/index.php\/tarifs\/","og_locale":"fr_FR","og_type":"article","og_title":"Tarifs - Psychologue Poitiers - Nicolas Gace","og_description":"Retrouvez plusieurs options d'accompagnement adapt\u00e9 \u00e0 vos besoins","og_url":"https:\/\/nicolasgace-psychologue.fr\/index.php\/tarifs\/","og_site_name":"Psychologue Poitiers - Nicolas Gace","article_modified_time":"2024-03-08T17:51:21+00:00","twitter_card":"summary_large_image","twitter_misc":{"Dur\u00e9e de lecture estim\u00e9e":"1 minute"},"schema":{"@context":"https:\/\/schema.org","@graph":[{"@type":"WebPage","@id":"https:\/\/nicolasgace-psychologue.fr\/index.php\/tarifs\/","url":"https:\/\/nicolasgace-psychologue.fr\/index.php\/tarifs\/","name":"Tarifs - Psychologue Poitiers - Nicolas Gace","isPartOf":{"@id":"https:\/\/nicolasgace-psychologue.fr\/#website"},"datePublished":"2024-01-08T14:51:25+00:00","dateModified":"2024-03-08T17:51:21+00:00","description":"Retrouvez plusieurs options d'accompagnement adapt\u00e9 \u00e0 vos besoins","breadcrumb":{"@id":"https:\/\/nicolasgace-psychologue.fr\/index.php\/tarifs\/#breadcrumb"},"inLanguage":"fr-FR","potentialAction":[{"@type":"ReadAction","target":["https:\/\/nicolasgace-psychologue.fr\/index.php\/tarifs\/"]}]},{"@type":"BreadcrumbList","@id":"https:\/\/nicolasgace-psychologue.fr\/index.php\/tarifs\/#breadcrumb","itemListElement":[{"@type":"ListItem","position":1,"name":"Accueil","item":"https:\/\/nicolasgace-psychologue.fr\/"},{"@type":"ListItem","position":2,"name":"Tarifs"}]},{"@type":"WebSite","@id":"https:\/\/nicolasgace-psychologue.fr\/#website","url":"https:\/\/nicolasgace-psychologue.fr\/","name":"Psychologue Poitiers - Nicolas Gace","description":"","potentialAction":[{"@type":"SearchAction","target":{"@type":"EntryPoint","urlTemplate":"https:\/\/nicolasgace-psychologue.fr\/?s={search_term_string}"},"query-input":"required name=search_term_string"}],"inLanguage":"fr-FR"}]}},"_links":{"self":[{"href":"https:\/\/nicolasgace-psychologue.fr\/index.php\/wp-json\/wp\/v2\/pages\/2570","targetHints":{"allow":["GET"]}}],"collection":[{"href":"https:\/\/nicolasgace-psychologue.fr\/index.php\/wp-json\/wp\/v2\/pages"}],"about":[{"href":"https:\/\/nicolasgace-psychologue.fr\/index.php\/wp-json\/wp\/v2\/types\/page"}],"author":[{"embeddable":true,"href":"https:\/\/nicolasgace-psychologue.fr\/index.php\/wp-json\/wp\/v2\/users\/1"}],"replies":[{"embeddable":true,"href":"https:\/\/nicolasgace-psychologue.fr\/index.php\/wp-json\/wp\/v2\/comments?post=2570"}],"version-history":[{"count":33,"href":"https:\/\/nicolasgace-psychologue.fr\/index.php\/wp-json\/wp\/v2\/pages\/2570\/revisions"}],"predecessor-version":[{"id":2662,"href":"https:\/\/nicolasgace-psychologue.fr\/index.php\/wp-json\/wp\/v2\/pages\/2570\/revisions\/2662"}],"wp:attachment":[{"href":"https:\/\/nicolasgace-psychologue.fr\/index.php\/wp-json\/wp\/v2\/media?parent=2570"}],"curies":[{"name":"wp","href":"https:\/\/api.w.org\/{rel}","templated":true}]}}