{"id":1133,"date":"2023-08-15T15:53:47","date_gmt":"2023-08-15T13:53:47","guid":{"rendered":"https:\/\/nicolasgacecoachmental.fr\/?page_id=1133"},"modified":"2024-03-08T17:32:42","modified_gmt":"2024-03-08T16:32:42","slug":"1133-2","status":"publish","type":"page","link":"https:\/\/nicolasgace-psychologue.fr\/index.php\/1133-2\/","title":{"rendered":"Articles"},"content":{"rendered":"\n<div class=\"wp-block-group alignwide is-layout-constrained wp-block-group-is-layout-constrained\">\n<div style=\"height:10px\" aria-hidden=\"true\" class=\"wp-block-spacer\"><\/div>\n\n\n\n<div style=\"height:100px\" aria-hidden=\"true\" class=\"wp-block-spacer\"><\/div>\n\n\n\n<div class=\"wp-block-group alignfull has-foreground-alt-background-color has-background is-layout-constrained wp-container-core-group-is-layout-24a10930 wp-block-group-is-layout-constrained\" style=\"margin-top:0px;margin-bottom:0px;padding-top:7vw;padding-right:var(--wp--preset--spacing--60);padding-bottom:7vw;padding-left:var(--wp--preset--spacing--60)\">\n<div class=\"wp-block-columns alignwide is-layout-flex wp-container-core-columns-is-layout-28f84493 wp-block-columns-is-layout-flex\">\n<div class=\"wp-block-column is-layout-flow wp-container-core-column-is-layout-1a0eff7f wp-block-column-is-layout-flow\" style=\"flex-basis:33.34%\">\n<figure class=\"wp-block-image size-large has-custom-border\"><a href=\"https:\/\/nicolasgace-psychologue.fr\/index.php\/limportance-capitale-du-mental-dans-la-reussite-sportive-et-professionnelle\/\"><img fetchpriority=\"high\" decoding=\"async\" width=\"1024\" height=\"600\" src=\"http:\/\/ngpreparateurmental.fr\/wp-content\/uploads\/2023\/10\/mental-health-4232031_1280-1024x600.jpg\" alt=\"\" class=\"has-border-color has-heading-color-border-color wp-image-2467\" style=\"border-width:3px;border-radius:20px\" srcset=\"https:\/\/nicolasgace-psychologue.fr\/wp-content\/uploads\/2023\/10\/mental-health-4232031_1280-1024x600.jpg 1024w, https:\/\/nicolasgace-psychologue.fr\/wp-content\/uploads\/2023\/10\/mental-health-4232031_1280-300x176.jpg 300w, https:\/\/nicolasgace-psychologue.fr\/wp-content\/uploads\/2023\/10\/mental-health-4232031_1280-768x450.jpg 768w, https:\/\/nicolasgace-psychologue.fr\/wp-content\/uploads\/2023\/10\/mental-health-4232031_1280-600x352.jpg 600w, https:\/\/nicolasgace-psychologue.fr\/wp-content\/uploads\/2023\/10\/mental-health-4232031_1280.jpg 1280w\" sizes=\"(max-width: 1024px) 100vw, 1024px\" \/><\/a><\/figure>\n\n\n\n<p class=\"has-black-color has-text-color has-link-color wp-elements-0199bdebd4659f54b6441422e88d9fb2\"><em><strong>19 septembre 2023<\/strong><\/em><\/p>\n\n\n\n<p class=\"has-black-color has-text-color has-league-spartan-font-family has-medium-font-size\"><strong>L&rsquo;Importance Capitale du Mental dans la R\u00e9ussite Sportive et Professionnelle<\/strong><br><br>Il est essentiel de reconna\u00eetre l&rsquo;importance du mental en tant que facteur d\u00e9terminant. Les statistiques fran\u00e7aises r\u00e9v\u00e8lent&#8230;<\/p>\n\n\n\n<div class=\"wp-block-buttons is-layout-flex wp-block-buttons-is-layout-flex\">\n<div class=\"wp-block-button\"><a class=\"wp-block-button__link has-secondary-background-color has-background wp-element-button\" href=\"https:\/\/nicolasgace-psychologue.fr\/index.php\/limportance-capitale-du-mental-dans-la-reussite-sportive-et-professionnelle\/\"><strong>Lire la suite<\/strong><\/a><\/div>\n<\/div>\n<\/div>\n\n\n\n<div class=\"wp-block-column is-layout-flow wp-container-core-column-is-layout-1a0eff7f wp-block-column-is-layout-flow\" style=\"flex-basis:33.34%\">\n<figure class=\"wp-block-image size-full has-custom-border\"><a href=\"https:\/\/nicolasgace-psychologue.fr\/index.php\/cedric-doumbe-le-maitre-du-trashtalking\/\"><img decoding=\"async\" width=\"1200\" height=\"675\" src=\"https:\/\/nicolasgace-psychologue.fr\/wp-content\/uploads\/2024\/03\/cedric-doumbe-clash-fernand-lope.png\" alt=\"\" class=\"has-border-color has-heading-color-border-color wp-image-2649\" style=\"border-width:3px;border-radius:20px\" srcset=\"https:\/\/nicolasgace-psychologue.fr\/wp-content\/uploads\/2024\/03\/cedric-doumbe-clash-fernand-lope.png 1200w, https:\/\/nicolasgace-psychologue.fr\/wp-content\/uploads\/2024\/03\/cedric-doumbe-clash-fernand-lope-300x169.png 300w, https:\/\/nicolasgace-psychologue.fr\/wp-content\/uploads\/2024\/03\/cedric-doumbe-clash-fernand-lope-1024x576.png 1024w, https:\/\/nicolasgace-psychologue.fr\/wp-content\/uploads\/2024\/03\/cedric-doumbe-clash-fernand-lope-768x432.png 768w, https:\/\/nicolasgace-psychologue.fr\/wp-content\/uploads\/2024\/03\/cedric-doumbe-clash-fernand-lope-600x338.png 600w\" sizes=\"(max-width: 1200px) 100vw, 1200px\" \/><\/a><\/figure>\n\n\n\n<p class=\"has-black-color has-text-color has-link-color wp-elements-0481df62edb7fb0b885e8fab892aeb88\"><em><strong>8 Mars 2023<\/strong><\/em><\/p>\n\n\n\n<p class=\"has-black-color has-text-color has-link-color has-league-spartan-font-family has-medium-font-size wp-elements-24e1c964c0673745a96dfc0653560896\"><strong>Cedric Doumb\u00e9 &#8211; L&rsquo;impact psychologique du trashtalk. L&rsquo;art de rentrer dans la t\u00eate de son adversaire avant le combat<\/strong><\/p>\n\n\n\n<p class=\"has-black-color has-text-color has-link-color has-league-spartan-font-family has-medium-font-size wp-elements-7d0927fffcf5bacdc222a0227e24ac49\">Comment Cedric Doumb\u00e9 arrive-t-il a prendre l&rsquo;avantage sur son adversaire avant m\u00eame que le combat commence&#8230;<\/p>\n\n\n\n<div class=\"wp-block-buttons is-layout-flex wp-block-buttons-is-layout-flex\">\n<div class=\"wp-block-button\"><a class=\"wp-block-button__link has-secondary-background-color has-background wp-element-button\" href=\"https:\/\/nicolasgace-psychologue.fr\/index.php\/cedric-doumbe-le-maitre-du-trashtalking\/\"><strong>Lire la suite<\/strong><\/a><\/div>\n<\/div>\n<\/div>\n\n\n\n<div class=\"wp-block-column is-layout-flow wp-container-core-column-is-layout-1a0eff7f wp-block-column-is-layout-flow\" style=\"flex-basis:33.33%\">\n<figure class=\"wp-block-image size-large has-custom-border\"><img decoding=\"async\" width=\"1024\" height=\"576\" src=\"https:\/\/nicolasgace-psychologue.fr\/wp-content\/uploads\/2023\/09\/BIENTOT-DISPONIBLE-1-4-1024x576.png\" alt=\"\" class=\"has-border-color has-heading-color-border-color wp-image-2117\" style=\"border-width:3px;border-radius:20px\" srcset=\"https:\/\/nicolasgace-psychologue.fr\/wp-content\/uploads\/2023\/09\/BIENTOT-DISPONIBLE-1-4-1024x576.png 1024w, https:\/\/nicolasgace-psychologue.fr\/wp-content\/uploads\/2023\/09\/BIENTOT-DISPONIBLE-1-4-300x169.png 300w, https:\/\/nicolasgace-psychologue.fr\/wp-content\/uploads\/2023\/09\/BIENTOT-DISPONIBLE-1-4-768x432.png 768w, https:\/\/nicolasgace-psychologue.fr\/wp-content\/uploads\/2023\/09\/BIENTOT-DISPONIBLE-1-4-1536x864.png 1536w, https:\/\/nicolasgace-psychologue.fr\/wp-content\/uploads\/2023\/09\/BIENTOT-DISPONIBLE-1-4-600x338.png 600w, https:\/\/nicolasgace-psychologue.fr\/wp-content\/uploads\/2023\/09\/BIENTOT-DISPONIBLE-1-4.png 1920w\" sizes=\"(max-width: 1024px) 100vw, 1024px\" \/><\/figure>\n\n\n\n<p class=\"has-black-color has-text-color has-link-color wp-elements-cbe425f1f20e04ad7104c4aecafbb941\"><em><strong>3 octobre 2023<\/strong><\/em><\/p>\n\n\n\n<p class=\"has-foreground-color has-text-color has-link-color has-small-font-size wp-elements-104e52591f134314f2ecc4b59e976298\"><\/p>\n<\/div>\n<\/div>\n<\/div>\n\n\n\n<div style=\"height:100px\" aria-hidden=\"true\" class=\"wp-block-spacer\"><\/div>\n<\/div>\n","protected":false},"excerpt":{"rendered":"<p>19 septembre 2023 L&rsquo;Importance Capitale du Mental dans la R\u00e9ussite Sportive et Professionnelle Il est essentiel de reconna\u00eetre l&rsquo;importance du mental en tant que facteur d\u00e9terminant. Les statistiques fran\u00e7aises&#8230;<\/p>\n","protected":false},"author":1,"featured_media":0,"parent":0,"menu_order":0,"comment_status":"closed","ping_status":"closed","template":"","meta":{"footnotes":""},"class_list":["post-1133","page","type-page","status-publish","hentry"],"yoast_head":"<!-- This site is optimized with the Yoast SEO plugin v21.3 - https:\/\/yoast.com\/wordpress\/plugins\/seo\/ -->\n<title>Articles - Psychologue Poitiers - Nicolas Gace<\/title>\n<meta name=\"description\" content=\"Retrouve les nouveaux articles chaque semaine sur le th\u00e8me de la : sant\u00e9 mentale - pr\u00e9paration mentale - coaching mental...\" \/>\n<meta name=\"robots\" content=\"index, follow, max-snippet:-1, max-image-preview:large, max-video-preview:-1\" \/>\n<link rel=\"canonical\" href=\"https:\/\/nicolasgace-psychologue.fr\/index.php\/1133-2\/\" \/>\n<meta property=\"og:locale\" content=\"fr_FR\" \/>\n<meta property=\"og:type\" content=\"article\" \/>\n<meta property=\"og:title\" content=\"Articles - Psychologue Poitiers - Nicolas Gace\" \/>\n<meta property=\"og:description\" content=\"Retrouve les nouveaux articles chaque semaine sur le th\u00e8me de la : sant\u00e9 mentale - pr\u00e9paration mentale - coaching mental...\" \/>\n<meta property=\"og:url\" content=\"https:\/\/nicolasgace-psychologue.fr\/index.php\/1133-2\/\" \/>\n<meta property=\"og:site_name\" content=\"Psychologue Poitiers - Nicolas Gace\" \/>\n<meta property=\"article:modified_time\" content=\"2024-03-08T16:32:42+00:00\" \/>\n<meta property=\"og:image\" content=\"http:\/\/ngpreparateurmental.fr\/wp-content\/uploads\/2023\/10\/mental-health-4232031_1280-1024x600.jpg\" \/>\n<meta name=\"twitter:card\" content=\"summary_large_image\" \/>\n<meta name=\"twitter:label1\" content=\"Dur\u00e9e de lecture estim\u00e9e\" \/>\n\t<meta name=\"twitter:data1\" content=\"1 minute\" \/>\n<script type=\"application\/ld+json\" class=\"yoast-schema-graph\">{\"@context\":\"https:\/\/schema.org\",\"@graph\":[{\"@type\":\"WebPage\",\"@id\":\"https:\/\/nicolasgace-psychologue.fr\/index.php\/1133-2\/\",\"url\":\"https:\/\/nicolasgace-psychologue.fr\/index.php\/1133-2\/\",\"name\":\"Articles - Psychologue Poitiers - Nicolas Gace\",\"isPartOf\":{\"@id\":\"https:\/\/nicolasgace-psychologue.fr\/#website\"},\"datePublished\":\"2023-08-15T13:53:47+00:00\",\"dateModified\":\"2024-03-08T16:32:42+00:00\",\"description\":\"Retrouve les nouveaux articles chaque semaine sur le th\u00e8me de la : sant\u00e9 mentale - pr\u00e9paration mentale - coaching mental...\",\"breadcrumb\":{\"@id\":\"https:\/\/nicolasgace-psychologue.fr\/index.php\/1133-2\/#breadcrumb\"},\"inLanguage\":\"fr-FR\",\"potentialAction\":[{\"@type\":\"ReadAction\",\"target\":[\"https:\/\/nicolasgace-psychologue.fr\/index.php\/1133-2\/\"]}]},{\"@type\":\"BreadcrumbList\",\"@id\":\"https:\/\/nicolasgace-psychologue.fr\/index.php\/1133-2\/#breadcrumb\",\"itemListElement\":[{\"@type\":\"ListItem\",\"position\":1,\"name\":\"Accueil\",\"item\":\"https:\/\/nicolasgace-psychologue.fr\/\"},{\"@type\":\"ListItem\",\"position\":2,\"name\":\"Articles\"}]},{\"@type\":\"WebSite\",\"@id\":\"https:\/\/nicolasgace-psychologue.fr\/#website\",\"url\":\"https:\/\/nicolasgace-psychologue.fr\/\",\"name\":\"Psychologue Poitiers - Nicolas Gace\",\"description\":\"\",\"potentialAction\":[{\"@type\":\"SearchAction\",\"target\":{\"@type\":\"EntryPoint\",\"urlTemplate\":\"https:\/\/nicolasgace-psychologue.fr\/?s={search_term_string}\"},\"query-input\":\"required name=search_term_string\"}],\"inLanguage\":\"fr-FR\"}]}<\/script>\n<!-- \/ Yoast SEO plugin. -->","yoast_head_json":{"title":"Articles - Psychologue Poitiers - Nicolas Gace","description":"Retrouve les nouveaux articles chaque semaine sur le th\u00e8me de la : sant\u00e9 mentale - pr\u00e9paration mentale - coaching mental...","robots":{"index":"index","follow":"follow","max-snippet":"max-snippet:-1","max-image-preview":"max-image-preview:large","max-video-preview":"max-video-preview:-1"},"canonical":"https:\/\/nicolasgace-psychologue.fr\/index.php\/1133-2\/","og_locale":"fr_FR","og_type":"article","og_title":"Articles - Psychologue Poitiers - Nicolas Gace","og_description":"Retrouve les nouveaux articles chaque semaine sur le th\u00e8me de la : sant\u00e9 mentale - pr\u00e9paration mentale - coaching mental...","og_url":"https:\/\/nicolasgace-psychologue.fr\/index.php\/1133-2\/","og_site_name":"Psychologue Poitiers - Nicolas Gace","article_modified_time":"2024-03-08T16:32:42+00:00","og_image":[{"url":"http:\/\/ngpreparateurmental.fr\/wp-content\/uploads\/2023\/10\/mental-health-4232031_1280-1024x600.jpg"}],"twitter_card":"summary_large_image","twitter_misc":{"Dur\u00e9e de lecture estim\u00e9e":"1 minute"},"schema":{"@context":"https:\/\/schema.org","@graph":[{"@type":"WebPage","@id":"https:\/\/nicolasgace-psychologue.fr\/index.php\/1133-2\/","url":"https:\/\/nicolasgace-psychologue.fr\/index.php\/1133-2\/","name":"Articles - Psychologue Poitiers - Nicolas Gace","isPartOf":{"@id":"https:\/\/nicolasgace-psychologue.fr\/#website"},"datePublished":"2023-08-15T13:53:47+00:00","dateModified":"2024-03-08T16:32:42+00:00","description":"Retrouve les nouveaux articles chaque semaine sur le th\u00e8me de la : sant\u00e9 mentale - pr\u00e9paration mentale - coaching mental...","breadcrumb":{"@id":"https:\/\/nicolasgace-psychologue.fr\/index.php\/1133-2\/#breadcrumb"},"inLanguage":"fr-FR","potentialAction":[{"@type":"ReadAction","target":["https:\/\/nicolasgace-psychologue.fr\/index.php\/1133-2\/"]}]},{"@type":"BreadcrumbList","@id":"https:\/\/nicolasgace-psychologue.fr\/index.php\/1133-2\/#breadcrumb","itemListElement":[{"@type":"ListItem","position":1,"name":"Accueil","item":"https:\/\/nicolasgace-psychologue.fr\/"},{"@type":"ListItem","position":2,"name":"Articles"}]},{"@type":"WebSite","@id":"https:\/\/nicolasgace-psychologue.fr\/#website","url":"https:\/\/nicolasgace-psychologue.fr\/","name":"Psychologue Poitiers - Nicolas Gace","description":"","potentialAction":[{"@type":"SearchAction","target":{"@type":"EntryPoint","urlTemplate":"https:\/\/nicolasgace-psychologue.fr\/?s={search_term_string}"},"query-input":"required name=search_term_string"}],"inLanguage":"fr-FR"}]}},"_links":{"self":[{"href":"https:\/\/nicolasgace-psychologue.fr\/index.php\/wp-json\/wp\/v2\/pages\/1133","targetHints":{"allow":["GET"]}}],"collection":[{"href":"https:\/\/nicolasgace-psychologue.fr\/index.php\/wp-json\/wp\/v2\/pages"}],"about":[{"href":"https:\/\/nicolasgace-psychologue.fr\/index.php\/wp-json\/wp\/v2\/types\/page"}],"author":[{"embeddable":true,"href":"https:\/\/nicolasgace-psychologue.fr\/index.php\/wp-json\/wp\/v2\/users\/1"}],"replies":[{"embeddable":true,"href":"https:\/\/nicolasgace-psychologue.fr\/index.php\/wp-json\/wp\/v2\/comments?post=1133"}],"version-history":[{"count":29,"href":"https:\/\/nicolasgace-psychologue.fr\/index.php\/wp-json\/wp\/v2\/pages\/1133\/revisions"}],"predecessor-version":[{"id":2656,"href":"https:\/\/nicolasgace-psychologue.fr\/index.php\/wp-json\/wp\/v2\/pages\/1133\/revisions\/2656"}],"wp:attachment":[{"href":"https:\/\/nicolasgace-psychologue.fr\/index.php\/wp-json\/wp\/v2\/media?parent=1133"}],"curies":[{"name":"wp","href":"https:\/\/api.w.org\/{rel}","templated":true}]}}